{"id":519,"date":"2025-07-03T12:49:12","date_gmt":"2025-07-03T10:49:12","guid":{"rendered":"http:\/\/ufmass.eu\/?page_id=519"},"modified":"2025-12-01T15:02:47","modified_gmt":"2025-12-01T14:02:47","slug":"appels-a-communication","status":"publish","type":"page","link":"https:\/\/ufmass.eu\/","title":{"rendered":"Congr\u00e8s UEMASS Li\u00e8ge 2026"},"content":{"rendered":"\n<p><strong>Appel \u00e0 communication d\u00e9taill\u00e9<\/strong> : <a href=\"https:\/\/www.eumass2026.eu\/docs\/First%20Annoucement%20fr.pdf\">https:\/\/www.eumass2026.eu\/docs\/First%20Annoucement%20fr.pdf<\/a><\/p>\n\n\n\n<p><\/p>\n\n\n\n<figure class=\"wp-block-image\"><img loading=\"lazy\" decoding=\"async\" width=\"724\" height=\"1024\" src=\"https:\/\/ufmass.eu\/wp-content\/uploads\/2025\/12\/c26f6f5d0ff0432e92718aa373906607Xf7HhNbYvOQaJDMB-0-724x1024.jpg\" alt=\"\" class=\"wp-image-585\" srcset=\"https:\/\/ufmass.eu\/wp-content\/uploads\/2025\/12\/c26f6f5d0ff0432e92718aa373906607Xf7HhNbYvOQaJDMB-0-724x1024.jpg 724w, https:\/\/ufmass.eu\/wp-content\/uploads\/2025\/12\/c26f6f5d0ff0432e92718aa373906607Xf7HhNbYvOQaJDMB-0-212x300.jpg 212w, https:\/\/ufmass.eu\/wp-content\/uploads\/2025\/12\/c26f6f5d0ff0432e92718aa373906607Xf7HhNbYvOQaJDMB-0-768x1086.jpg 768w, https:\/\/ufmass.eu\/wp-content\/uploads\/2025\/12\/c26f6f5d0ff0432e92718aa373906607Xf7HhNbYvOQaJDMB-0-1086x1536.jpg 1086w, https:\/\/ufmass.eu\/wp-content\/uploads\/2025\/12\/c26f6f5d0ff0432e92718aa373906607Xf7HhNbYvOQaJDMB-0-1448x2048.jpg 1448w, https:\/\/ufmass.eu\/wp-content\/uploads\/2025\/12\/c26f6f5d0ff0432e92718aa373906607Xf7HhNbYvOQaJDMB-0.jpg 1654w\" sizes=\"auto, (max-width: 724px) 100vw, 724px\" \/><\/figure>\n\n\n\n<figure class=\"wp-block-image\"><img loading=\"lazy\" decoding=\"async\" width=\"724\" height=\"1024\" src=\"https:\/\/ufmass.eu\/wp-content\/uploads\/2025\/12\/c26f6f5d0ff0432e92718aa373906607Xf7HhNbYvOQaJDMB-1-724x1024.jpg\" alt=\"\" class=\"wp-image-588\" srcset=\"https:\/\/ufmass.eu\/wp-content\/uploads\/2025\/12\/c26f6f5d0ff0432e92718aa373906607Xf7HhNbYvOQaJDMB-1-724x1024.jpg 724w, https:\/\/ufmass.eu\/wp-content\/uploads\/2025\/12\/c26f6f5d0ff0432e92718aa373906607Xf7HhNbYvOQaJDMB-1-212x300.jpg 212w, https:\/\/ufmass.eu\/wp-content\/uploads\/2025\/12\/c26f6f5d0ff0432e92718aa373906607Xf7HhNbYvOQaJDMB-1-768x1086.jpg 768w, https:\/\/ufmass.eu\/wp-content\/uploads\/2025\/12\/c26f6f5d0ff0432e92718aa373906607Xf7HhNbYvOQaJDMB-1-1086x1536.jpg 1086w, https:\/\/ufmass.eu\/wp-content\/uploads\/2025\/12\/c26f6f5d0ff0432e92718aa373906607Xf7HhNbYvOQaJDMB-1-1448x2048.jpg 1448w, https:\/\/ufmass.eu\/wp-content\/uploads\/2025\/12\/c26f6f5d0ff0432e92718aa373906607Xf7HhNbYvOQaJDMB-1.jpg 1654w\" sizes=\"auto, (max-width: 724px) 100vw, 724px\" \/><\/figure>\n\n\n\n<figure class=\"wp-block-image\"><img loading=\"lazy\" decoding=\"async\" width=\"724\" height=\"1024\" src=\"https:\/\/ufmass.eu\/wp-content\/uploads\/2025\/12\/c26f6f5d0ff0432e92718aa373906607Xf7HhNbYvOQaJDMB-2-724x1024.jpg\" alt=\"\" class=\"wp-image-590\" srcset=\"https:\/\/ufmass.eu\/wp-content\/uploads\/2025\/12\/c26f6f5d0ff0432e92718aa373906607Xf7HhNbYvOQaJDMB-2-724x1024.jpg 724w, https:\/\/ufmass.eu\/wp-content\/uploads\/2025\/12\/c26f6f5d0ff0432e92718aa373906607Xf7HhNbYvOQaJDMB-2-212x300.jpg 212w, https:\/\/ufmass.eu\/wp-content\/uploads\/2025\/12\/c26f6f5d0ff0432e92718aa373906607Xf7HhNbYvOQaJDMB-2-768x1086.jpg 768w, https:\/\/ufmass.eu\/wp-content\/uploads\/2025\/12\/c26f6f5d0ff0432e92718aa373906607Xf7HhNbYvOQaJDMB-2-1086x1536.jpg 1086w, https:\/\/ufmass.eu\/wp-content\/uploads\/2025\/12\/c26f6f5d0ff0432e92718aa373906607Xf7HhNbYvOQaJDMB-2-1448x2048.jpg 1448w, https:\/\/ufmass.eu\/wp-content\/uploads\/2025\/12\/c26f6f5d0ff0432e92718aa373906607Xf7HhNbYvOQaJDMB-2.jpg 1654w\" sizes=\"auto, (max-width: 724px) 100vw, 724px\" \/><\/figure>\n","protected":false},"excerpt":{"rendered":"<p>Appel \u00e0 communication d\u00e9taill\u00e9 : https:\/\/www.eumass2026.eu\/docs\/First%20Annoucement%20fr.pdf<\/p>\n","protected":false},"author":1,"featured_media":0,"parent":0,"menu_order":1,"comment_status":"closed","ping_status":"closed","template":"","meta":{"footnotes":""},"class_list":["post-519","page","type-page","status-publish","hentry"],"_links":{"self":[{"href":"https:\/\/ufmass.eu\/index.php\/wp-json\/wp\/v2\/pages\/519","targetHints":{"allow":["GET"]}}],"collection":[{"href":"https:\/\/ufmass.eu\/index.php\/wp-json\/wp\/v2\/pages"}],"about":[{"href":"https:\/\/ufmass.eu\/index.php\/wp-json\/wp\/v2\/types\/page"}],"author":[{"embeddable":true,"href":"https:\/\/ufmass.eu\/index.php\/wp-json\/wp\/v2\/users\/1"}],"replies":[{"embeddable":true,"href":"https:\/\/ufmass.eu\/index.php\/wp-json\/wp\/v2\/comments?post=519"}],"version-history":[{"count":15,"href":"https:\/\/ufmass.eu\/index.php\/wp-json\/wp\/v2\/pages\/519\/revisions"}],"predecessor-version":[{"id":591,"href":"https:\/\/ufmass.eu\/index.php\/wp-json\/wp\/v2\/pages\/519\/revisions\/591"}],"wp:attachment":[{"href":"https:\/\/ufmass.eu\/index.php\/wp-json\/wp\/v2\/media?parent=519"}],"curies":[{"name":"wp","href":"https:\/\/api.w.org\/{rel}","templated":true}]}}