{"id":283,"date":"2024-02-28T16:09:56","date_gmt":"2024-02-28T15:09:56","guid":{"rendered":"http:\/\/ufmass.eu\/?page_id=283"},"modified":"2025-11-17T16:57:32","modified_gmt":"2025-11-17T15:57:32","slug":"formations","status":"publish","type":"page","link":"https:\/\/ufmass.eu\/index.php\/formations\/","title":{"rendered":"Formations"},"content":{"rendered":"\n<p><strong>L&#8217;UFMASS  vous conseille quelques formations en ligne <\/strong>:<\/p>\n\n\n\n<p>MOOC sur<strong> la r\u00e9daction et la publication d&#8217;un article scientifique<\/strong> = <a href=\"https:\/\/www.fun-mooc.fr\/fr\/cours\/rediger-et-publier-un-article-scientifique\/\">https:\/\/www.fun-mooc.fr\/fr\/cours\/rediger-et-publier-un-article-scientifique\/<\/a><\/p>\n\n\n\n<p>________________________________________________________________________________________________________________<\/p>\n\n\n\n<p><strong>Formations internationales en ligne pour les professionnelles de sant\u00e9 <\/strong>= <a href=\"https:\/\/www.ggbds.org\/Formations\/formations.html\"> <\/a><a href=\"http:\/\/r.mediform.ggbds.org\/mk\/mr\/sh\/7nVTPdZCTJDXOk7DW9WG8jsDpEf4qYs\/5Gf4Krgzllwf\">http:\/\/r.mediform.ggbds.org\/mk\/mr\/sh\/7nVTPdZCTJDXOk7DW9WG8jsDpEf4qYs\/5Gf4Krgzllwf<\/a><\/p>\n\n\n\n<p>________________________________________________________________________________________________________________<\/p>\n\n\n\n<p><strong>R\u00e9diger et Publier votre Article Scientifique dans une Revue \u00e0 Haut Facteur d&#8217;Impact (Q1) en moins de 3 mois -m\u00eame si vous n&#8217;avez pas d&#8217;id\u00e9e d&#8217;article<\/strong> <a href=\"https:\/\/formations.methodorecherche.com\/votre-article-scientifique-q1\">https:\/\/formations.methodorecherche.com\/votre-article-scientifique-q1<\/a><\/p>\n\n\n\n<p><\/p>\n\n\n\n<p><\/p>\n","protected":false},"excerpt":{"rendered":"<p>L&#8217;UFMASS vous conseille quelques formations en ligne : MOOC sur la r\u00e9daction et la publication d&#8217;un article scientifique = https:\/\/www.fun-mooc.fr\/fr\/cours\/rediger-et-publier-un-article-scientifique\/ ________________________________________________________________________________________________________________ Formations internationales en ligne pour les professionnelles de sant\u00e9 = http:\/\/r.mediform.ggbds.org\/mk\/mr\/sh\/7nVTPdZCTJDXOk7DW9WG8jsDpEf4qYs\/5Gf4Krgzllwf ________________________________________________________________________________________________________________ R\u00e9diger et Publier votre Article Scientifique dans&#8230; <a href=\"https:\/\/ufmass.eu\/index.php\/formations\/\" class=\"readmore\">Read more<span class=\"screen-reader-text\">Formations<\/span><span class=\"fa fa-angle-double-right\" aria-hidden=\"true\"><\/span><\/a><\/p>\n","protected":false},"author":1,"featured_media":0,"parent":0,"menu_order":0,"comment_status":"closed","ping_status":"closed","template":"","meta":{"footnotes":""},"class_list":["post-283","page","type-page","status-publish","hentry"],"_links":{"self":[{"href":"https:\/\/ufmass.eu\/index.php\/wp-json\/wp\/v2\/pages\/283","targetHints":{"allow":["GET"]}}],"collection":[{"href":"https:\/\/ufmass.eu\/index.php\/wp-json\/wp\/v2\/pages"}],"about":[{"href":"https:\/\/ufmass.eu\/index.php\/wp-json\/wp\/v2\/types\/page"}],"author":[{"embeddable":true,"href":"https:\/\/ufmass.eu\/index.php\/wp-json\/wp\/v2\/users\/1"}],"replies":[{"embeddable":true,"href":"https:\/\/ufmass.eu\/index.php\/wp-json\/wp\/v2\/comments?post=283"}],"version-history":[{"count":14,"href":"https:\/\/ufmass.eu\/index.php\/wp-json\/wp\/v2\/pages\/283\/revisions"}],"predecessor-version":[{"id":563,"href":"https:\/\/ufmass.eu\/index.php\/wp-json\/wp\/v2\/pages\/283\/revisions\/563"}],"wp:attachment":[{"href":"https:\/\/ufmass.eu\/index.php\/wp-json\/wp\/v2\/media?parent=283"}],"curies":[{"name":"wp","href":"https:\/\/api.w.org\/{rel}","templated":true}]}}