{"id":107,"date":"2024-04-24T15:00:16","date_gmt":"2024-04-24T13:00:16","guid":{"rendered":"http:\/\/ufmass.eu\/?page_id=107"},"modified":"2025-09-02T15:14:57","modified_gmt":"2025-09-02T13:14:57","slug":"evenements","status":"publish","type":"page","link":"https:\/\/ufmass.eu\/index.php\/evenements\/","title":{"rendered":"Ev\u00e9nements"},"content":{"rendered":"\n<p><strong>Prochain Congr\u00e8s m\u00e9dical scientifiques de l&#8217;UEMASS <\/strong><\/p>\n\n\n\n<figure class=\"wp-block-image size-large\"><img loading=\"lazy\" decoding=\"async\" width=\"1024\" height=\"332\" src=\"http:\/\/ufmass.eu\/wp-content\/uploads\/2025\/07\/image-1024x332.png\" alt=\"\" class=\"wp-image-516\" srcset=\"https:\/\/ufmass.eu\/wp-content\/uploads\/2025\/07\/image-1024x332.png 1024w, https:\/\/ufmass.eu\/wp-content\/uploads\/2025\/07\/image-300x97.png 300w, https:\/\/ufmass.eu\/wp-content\/uploads\/2025\/07\/image-768x249.png 768w, https:\/\/ufmass.eu\/wp-content\/uploads\/2025\/07\/image.png 1501w\" sizes=\"auto, (max-width: 1024px) 100vw, 1024px\" \/><\/figure>\n\n\n\n<p><a href=\"https:\/\/eumass.eu\/fr\/\">https:\/\/eumass.eu\/fr\/<\/a> <\/p>\n\n\n\n<p><strong>Le 25\u00e8 Congr\u00e8s de l&#8217;UEMASS se tiendra <br>du 17-19 SEPTEMBRE 2026<br>\u00e0 Li\u00e8ge, BELGIQUE<\/strong><\/p>\n\n\n\n<figure class=\"wp-block-image size-large\"><img loading=\"lazy\" decoding=\"async\" width=\"1024\" height=\"576\" src=\"http:\/\/ufmass.eu\/wp-content\/uploads\/2025\/04\/Congres-UEMASS-2026-Liege-Palais-Congres-1024x576.jpg\" alt=\"\" class=\"wp-image-498\" srcset=\"https:\/\/ufmass.eu\/wp-content\/uploads\/2025\/04\/Congres-UEMASS-2026-Liege-Palais-Congres-1024x576.jpg 1024w, https:\/\/ufmass.eu\/wp-content\/uploads\/2025\/04\/Congres-UEMASS-2026-Liege-Palais-Congres-300x169.jpg 300w, https:\/\/ufmass.eu\/wp-content\/uploads\/2025\/04\/Congres-UEMASS-2026-Liege-Palais-Congres-768x432.jpg 768w, https:\/\/ufmass.eu\/wp-content\/uploads\/2025\/04\/Congres-UEMASS-2026-Liege-Palais-Congres-1536x864.jpg 1536w, https:\/\/ufmass.eu\/wp-content\/uploads\/2025\/04\/Congres-UEMASS-2026-Liege-Palais-Congres.jpg 2000w\" sizes=\"auto, (max-width: 1024px) 100vw, 1024px\" \/><\/figure>\n\n\n\n<p><\/p>\n\n\n\n<p><\/p>\n\n\n\n<p><\/p>\n\n\n\n<p><\/p>\n\n\n\n<p><strong><mark style=\"background-color:rgba(0, 0, 0, 0)\" class=\"has-inline-color has-black-color\">Le Congr\u00e8s UEMASS de 2023 de Strasbourg a \u00e9t\u00e9 co-organis\u00e9 par l&#8217;UFMASS (France) et l&#8217;ASMA (Belgique).<\/mark><\/strong><\/p>\n\n\n\n<figure class=\"wp-block-image size-full\"><img loading=\"lazy\" decoding=\"async\" width=\"1024\" height=\"332\" src=\"http:\/\/ufmass.eu\/wp-content\/uploads\/2024\/02\/image-4.png\" alt=\"\" class=\"wp-image-152\" srcset=\"https:\/\/ufmass.eu\/wp-content\/uploads\/2024\/02\/image-4.png 1024w, https:\/\/ufmass.eu\/wp-content\/uploads\/2024\/02\/image-4-300x97.png 300w, https:\/\/ufmass.eu\/wp-content\/uploads\/2024\/02\/image-4-768x249.png 768w\" sizes=\"auto, (max-width: 1024px) 100vw, 1024px\" \/><\/figure>\n\n\n\n<p><\/p>\n\n\n\n<p><\/p>\n\n\n\n<p><\/p>\n\n\n\n<p><\/p>\n\n\n\n<p>Plus d&#8217;informations sur ce Congr\u00e8s ici : <a href=\"https:\/\/www.eumass2023.eu\/\">https:\/\/www.eumass2023.eu\/<\/a><\/p>\n\n\n\n<p>Notre Congr\u00e8s de fin septembre 2023 s&#8217;est tenu au sein du <strong>Parlement Europ\u00e9en<\/strong> et de la <strong>Facult\u00e9 de M\u00e9decine de l&#8217;UNISTRA.<\/strong><\/p>\n\n\n<div class=\"wp-block-image\">\n<figure class=\"aligncenter size-full is-resized\"><img loading=\"lazy\" decoding=\"async\" width=\"322\" height=\"260\" src=\"http:\/\/ufmass.eu\/wp-content\/uploads\/2024\/02\/image-15.png\" alt=\"\" class=\"wp-image-276\" style=\"width:108px;height:auto\" srcset=\"https:\/\/ufmass.eu\/wp-content\/uploads\/2024\/02\/image-15.png 322w, https:\/\/ufmass.eu\/wp-content\/uploads\/2024\/02\/image-15-300x242.png 300w\" sizes=\"auto, (max-width: 322px) 100vw, 322px\" \/><\/figure><\/div>\n\n\n<div class=\"wp-block-group\"><div class=\"wp-block-group__inner-container is-layout-constrained wp-block-group-is-layout-constrained\">\n<div class=\"wp-block-group\"><div class=\"wp-block-group__inner-container is-layout-constrained wp-block-group-is-layout-constrained\">\n<figure class=\"wp-block-image size-full is-resized\"><img loading=\"lazy\" decoding=\"async\" width=\"450\" height=\"300\" src=\"http:\/\/ufmass.eu\/wp-content\/uploads\/2024\/02\/image-12.png\" alt=\"\" class=\"wp-image-272\" style=\"width:236px;height:auto\" srcset=\"https:\/\/ufmass.eu\/wp-content\/uploads\/2024\/02\/image-12.png 450w, https:\/\/ufmass.eu\/wp-content\/uploads\/2024\/02\/image-12-300x200.png 300w\" sizes=\"auto, (max-width: 450px) 100vw, 450px\" \/><\/figure>\n<\/div><\/div>\n<\/div><\/div>\n\n\n\n<div class=\"wp-block-group\"><div class=\"wp-block-group__inner-container is-layout-constrained wp-block-group-is-layout-constrained\"><div class=\"wp-block-image\">\n<figure class=\"aligncenter size-full is-resized\"><img loading=\"lazy\" decoding=\"async\" width=\"474\" height=\"324\" src=\"http:\/\/ufmass.eu\/wp-content\/uploads\/2024\/02\/image-13.png\" alt=\"\" class=\"wp-image-273\" style=\"width:247px;height:auto\" srcset=\"https:\/\/ufmass.eu\/wp-content\/uploads\/2024\/02\/image-13.png 474w, https:\/\/ufmass.eu\/wp-content\/uploads\/2024\/02\/image-13-300x205.png 300w\" sizes=\"auto, (max-width: 474px) 100vw, 474px\" \/><\/figure><\/div><\/div><\/div>\n\n\n<div class=\"wp-block-image\">\n<figure class=\"alignright size-full is-resized\"><img loading=\"lazy\" decoding=\"async\" width=\"583\" height=\"380\" src=\"http:\/\/ufmass.eu\/wp-content\/uploads\/2024\/02\/image-14.png\" alt=\"\" class=\"wp-image-274\" style=\"width:248px;height:auto\" srcset=\"https:\/\/ufmass.eu\/wp-content\/uploads\/2024\/02\/image-14.png 583w, https:\/\/ufmass.eu\/wp-content\/uploads\/2024\/02\/image-14-300x196.png 300w\" sizes=\"auto, (max-width: 583px) 100vw, 583px\" \/><\/figure><\/div>","protected":false},"excerpt":{"rendered":"<p>Prochain Congr\u00e8s m\u00e9dical scientifiques de l&#8217;UEMASS https:\/\/eumass.eu\/fr\/ Le 25\u00e8 Congr\u00e8s de l&#8217;UEMASS se tiendra du 17-19 SEPTEMBRE 2026\u00e0 Li\u00e8ge, BELGIQUE Le Congr\u00e8s UEMASS de 2023 de Strasbourg a \u00e9t\u00e9 co-organis\u00e9 par l&#8217;UFMASS (France) et l&#8217;ASMA (Belgique). Plus d&#8217;informations sur ce&#8230; <a href=\"https:\/\/ufmass.eu\/index.php\/evenements\/\" class=\"readmore\">Read more<span class=\"screen-reader-text\">Ev\u00e9nements<\/span><span class=\"fa fa-angle-double-right\" aria-hidden=\"true\"><\/span><\/a><\/p>\n","protected":false},"author":1,"featured_media":0,"parent":0,"menu_order":0,"comment_status":"closed","ping_status":"closed","template":"","meta":{"footnotes":""},"class_list":["post-107","page","type-page","status-publish","hentry"],"_links":{"self":[{"href":"https:\/\/ufmass.eu\/index.php\/wp-json\/wp\/v2\/pages\/107","targetHints":{"allow":["GET"]}}],"collection":[{"href":"https:\/\/ufmass.eu\/index.php\/wp-json\/wp\/v2\/pages"}],"about":[{"href":"https:\/\/ufmass.eu\/index.php\/wp-json\/wp\/v2\/types\/page"}],"author":[{"embeddable":true,"href":"https:\/\/ufmass.eu\/index.php\/wp-json\/wp\/v2\/users\/1"}],"replies":[{"embeddable":true,"href":"https:\/\/ufmass.eu\/index.php\/wp-json\/wp\/v2\/comments?post=107"}],"version-history":[{"count":20,"href":"https:\/\/ufmass.eu\/index.php\/wp-json\/wp\/v2\/pages\/107\/revisions"}],"predecessor-version":[{"id":553,"href":"https:\/\/ufmass.eu\/index.php\/wp-json\/wp\/v2\/pages\/107\/revisions\/553"}],"wp:attachment":[{"href":"https:\/\/ufmass.eu\/index.php\/wp-json\/wp\/v2\/media?parent=107"}],"curies":[{"name":"wp","href":"https:\/\/api.w.org\/{rel}","templated":true}]}}